{"id":2,"date":"2026-03-28T18:29:37","date_gmt":"2026-03-28T18:29:37","guid":{"rendered":"https:\/\/zsigmondit.hu\/?page_id=2"},"modified":"2026-04-09T12:34:15","modified_gmt":"2026-04-09T12:34:15","slug":"sample-page","status":"publish","type":"page","link":"https:\/\/zsigmondit.hu\/","title":{"rendered":"\u00dcdv\u00f6zl\u00f6m a honlapomon!"},"content":{"rendered":"\t\t<div data-elementor-type=\"wp-page\" data-elementor-id=\"2\" class=\"elementor elementor-2\">\n\t\t\t\t<div class=\"elementor-element elementor-element-76021e0 e-flex e-con-boxed e-con e-parent\" data-id=\"76021e0\" data-element_type=\"container\" data-e-type=\"container\">\n\t\t\t\t\t<div class=\"e-con-inner\">\n\t\t\t\t<div class=\"elementor-element elementor-element-85af524 elementor-widget elementor-widget-image\" data-id=\"85af524\" data-element_type=\"widget\" data-e-type=\"widget\" data-widget_type=\"image.default\">\n\t\t\t\t\t\t\t\t\t\t\t\t\t\t\t<img decoding=\"async\" width=\"202\" height=\"202\" src=\"https:\/\/zsigmondit.hu\/wp-content\/uploads\/2026\/04\/ZsigmondIT-1.png\" class=\"attachment-large size-large wp-image-256\" alt=\"\" srcset=\"https:\/\/zsigmondit.hu\/wp-content\/uploads\/2026\/04\/ZsigmondIT-1.png 202w, https:\/\/zsigmondit.hu\/wp-content\/uploads\/2026\/04\/ZsigmondIT-1-150x150.png 150w\" sizes=\"(max-width: 202px) 100vw, 202px\" \/>\t\t\t\t\t\t\t\t\t\t\t\t\t\t\t<\/div>\n\t\t\t\t\t<\/div>\n\t\t\t\t<\/div>\n\t\t<div class=\"elementor-element elementor-element-6878a0e9 e-flex e-con-boxed e-con e-parent\" data-id=\"6878a0e9\" data-element_type=\"container\" data-e-type=\"container\">\n\t\t\t\t\t<div class=\"e-con-inner\">\n\t\t\t\t<div class=\"elementor-element elementor-element-58c686a6 elementor-widget elementor-widget-text-editor\" data-id=\"58c686a6\" data-element_type=\"widget\" data-e-type=\"widget\" data-widget_type=\"text-editor.default\">\n\t\t\t\t\t\t\t\t\t\n<p>\u00dcdv\u00f6zl\u00f6m! Ez az oldal jelenleg fejleszt\u00e9s alatt \u00e1ll!<\/p>\n\n<p>Miut\u00e1n megfelel\u0151en be\u00e1ll\u00edt\u00e1sra ker\u00fclt, az al\u00e1bbiakat fogja tartalmazni:<\/p>\n\n<ul class=\"wp-block-list\">\n<li>Informatikai \u00e9rdekess\u00e9gek, le\u00edr\u00e1sok<\/li>\n\n<li>Szakmai seg\u00e9dletek<\/li>\n<\/ul>\n\t\t\t\t\t\t\t\t<\/div>\n\t\t\t\t\t<\/div>\n\t\t\t\t<\/div>\n\t\t\t\t<\/div>\n\t\t","protected":false},"excerpt":{"rendered":"<p>\u00dcdv\u00f6zl\u00f6m! Ez az oldal jelenleg fejleszt\u00e9s alatt \u00e1ll! Miut\u00e1n megfelel\u0151en be\u00e1ll\u00edt\u00e1sra ker\u00fclt, az al\u00e1bbiakat fogja tartalmazni:<\/p>\n","protected":false},"author":1,"featured_media":0,"parent":0,"menu_order":0,"comment_status":"closed","ping_status":"open","template":"","meta":{"_eb_attr":"","footnotes":""},"class_list":["post-2","page","type-page","status-publish","hentry"],"_links":{"self":[{"href":"https:\/\/zsigmondit.hu\/index.php\/wp-json\/wp\/v2\/pages\/2","targetHints":{"allow":["GET"]}}],"collection":[{"href":"https:\/\/zsigmondit.hu\/index.php\/wp-json\/wp\/v2\/pages"}],"about":[{"href":"https:\/\/zsigmondit.hu\/index.php\/wp-json\/wp\/v2\/types\/page"}],"author":[{"embeddable":true,"href":"https:\/\/zsigmondit.hu\/index.php\/wp-json\/wp\/v2\/users\/1"}],"replies":[{"embeddable":true,"href":"https:\/\/zsigmondit.hu\/index.php\/wp-json\/wp\/v2\/comments?post=2"}],"version-history":[{"count":6,"href":"https:\/\/zsigmondit.hu\/index.php\/wp-json\/wp\/v2\/pages\/2\/revisions"}],"predecessor-version":[{"id":259,"href":"https:\/\/zsigmondit.hu\/index.php\/wp-json\/wp\/v2\/pages\/2\/revisions\/259"}],"wp:attachment":[{"href":"https:\/\/zsigmondit.hu\/index.php\/wp-json\/wp\/v2\/media?parent=2"}],"curies":[{"name":"wp","href":"https:\/\/api.w.org\/{rel}","templated":true}]}}