{"id":55,"date":"2026-03-28T21:16:15","date_gmt":"2026-03-28T21:16:15","guid":{"rendered":"https:\/\/zsigmondit.hu\/?page_id=55"},"modified":"2026-03-29T01:17:44","modified_gmt":"2026-03-29T01:17:44","slug":"hobbijaim","status":"publish","type":"page","link":"https:\/\/zsigmondit.hu\/index.php\/hobbijaim\/","title":{"rendered":"Hobbijaim"},"content":{"rendered":"\t\t<div data-elementor-type=\"wp-page\" data-elementor-id=\"55\" class=\"elementor elementor-55\">\n\t\t\t\t<div class=\"elementor-element elementor-element-1babc1d8 e-flex e-con-boxed e-con e-parent\" data-id=\"1babc1d8\" data-element_type=\"container\" data-e-type=\"container\">\n\t\t\t\t\t<div class=\"e-con-inner\">\n\t\t\t\t<div class=\"elementor-element elementor-element-29517779 elementor-widget elementor-widget-text-editor\" data-id=\"29517779\" data-element_type=\"widget\" data-e-type=\"widget\" data-widget_type=\"text-editor.default\">\n\t\t\t\t\t\t\t\t\t\n<p>Alapvet\u0151en h\u00e1romgyerekes sz\u00fcl\u0151k\u00e9nt nem sok id\u0151m van a hobbijaimnak \u00e9lni, de szerencs\u00e9re\u00a0 a fiamat is \u00e9rdekli p\u00e1r dolog, amit &#8222;apa csin\u00e1l amikor ki akar kapcsol\u00f3dni.&#8221;<\/p>\n\t\t\t\t\t\t\t\t<\/div>\n\t\t\t\t\t<\/div>\n\t\t\t\t<\/div>\n\t\t<div class=\"elementor-element elementor-element-b0b8699 e-flex e-con-boxed e-con e-parent\" data-id=\"b0b8699\" data-element_type=\"container\" data-e-type=\"container\">\n\t\t\t\t\t<div class=\"e-con-inner\">\n\t\t\t\t<div class=\"elementor-element elementor-element-d424302 elementor-widget elementor-widget-text-editor\" data-id=\"d424302\" data-element_type=\"widget\" data-e-type=\"widget\" data-widget_type=\"text-editor.default\">\n\t\t\t\t\t\t\t\t\t<p>M\u00e1r gyerekkoromban \u00e9rdekelt a horg\u00e1szat, mivel apai \u00e1gon horg\u00e1sz csal\u00e1db\u00f3l sz\u00e1rmazom. \u00c9desap\u00e1m\u00e9k rengeteget j\u00e1rtak a Velencei t\u00f3ra, illetve &#8211; mivel nekem is tetszett &#8211; megtan\u00edtott\u00e1k az alapokat. 14 \u00e9ves koromig gyakran j\u00e1rtam a vizeket, azonban ekkor m\u00e1r le kellett (volna) tenni a horg\u00e1szvizsg\u00e1t, amihez nekem nem volt kedvem, \u00edgy ez a hobbi sajnos sok\u00e1ig ki is maradt az \u00e9letemb\u0151l. Amikor siker\u00fclt a Velencei t\u00f3 mell\u00e9 k\u00f6lt\u00f6zn\u00f6m, rengeteg szabad id\u0151m volt, \u00fagyhogy letettem a horg\u00e1sz vizsg\u00e1t, \u00e9s \u00fajra elkezdtem ennek a szenved\u00e9lyemnek h\u00f3dolni.\u00a0<\/p>\n<p>A fiam sz\u00fclet\u00e9se ut\u00e1n sajnos nem sok id\u0151m volt erre, \u00edgy megint sz\u00f6gre kellett akaszanom a botokat, viszont amikor a fiam megk\u00e9rt, hogy menj\u00fcnk el, term\u00e9szetesen nem mondhattam neki nemet \ud83d\ude42 \u00dagyhogy ahogy az id\u0151nk \u00e9s az id\u0151j\u00e1r\u00e1s engedi, n\u00e9ha-n\u00e9ha \u00fajra meg tudjuk l\u00e1togatni a k\u00f6rny\u00e9k vizeit, \u00e9s rem\u00e9lhet\u0151leg m\u00e9g ha lassan is, de meg tudom szerettetni vele ezt a kellemes id\u0151t\u00f6lt\u00e9st.<\/p>\t\t\t\t\t\t\t\t<\/div>\n\t\t\t\t\t<\/div>\n\t\t\t\t<\/div>\n\t\t<div class=\"elementor-element elementor-element-c41dbca e-flex e-con-boxed e-con e-parent\" data-id=\"c41dbca\" data-element_type=\"container\" data-e-type=\"container\">\n\t\t\t\t\t<div class=\"e-con-inner\">\n\t\t\t\t<div class=\"elementor-element elementor-element-b734422 elementor-widget elementor-widget-text-editor\" data-id=\"b734422\" data-element_type=\"widget\" data-e-type=\"widget\" data-widget_type=\"text-editor.default\">\n\t\t\t\t\t\t\t\t\t<p>Nagyb\u00e1ty\u00e1m szeretett fot\u00f3zni. Engem pedig \u00e9rdekelt, hogy hogyan lehet j\u00f3 k\u00e9peket k\u00e9sz\u00edteni. Szerencs\u00e9re hajlott arra, hogy tan\u00edtson, \u00edgy kaptam egy r\u00e9gi Zenit-E t\u00edpus\u00fa f\u00e9nyk\u00e9pez\u0151g\u00e9pet, kaptam fekete-feh\u00e9r filmkekercseket, \u00e9s egy f\u00e9nym\u00e9r\u0151t. Megtan\u00edtott, hogyan is m\u0171k\u00f6dik a fot\u00f3z\u00e1s, hogyan kell a f\u00e9nym\u00e9r\u0151 alapj\u00e1n be\u00e1ll\u00edtani a g\u00e9pet, illetve mire figyeljek, ha j\u00f3 k\u00e9peket akarok k\u00e9sz\u00edteni. Ahogy azt sokan, \u0151 is \u00e1talak\u00edtotta a f\u00fcrd\u0151szob\u00e1j\u00e1t s\u00f6t\u00e9t kamr\u00e1nak, \u00edgy megtanulhattam azt is, hogy hogyan kell a filmet el\u0151h\u00edvni, hogyan tudom a filmen lev\u0151 negat\u00edvb\u00f3l pap\u00edrk\u00e9pet k\u00e9sz\u00edteni.<\/p>\n<p>Im\u00e1dtam a &#8222;filmes j\u00e1tszadoz\u00e1st&#8221;, de a digit\u00e1lis \u00e9s az automata g\u00e9pek elterjed\u00e9se miatt sajnos ezt a fajta sz\u00f3rakoz\u00e1st fel kellett adnom. Viszont mind a mai napig, ha horg\u00e1szni, vagy kir\u00e1ndulni megyek-megy\u00fcnk, viszek magammal egy digit\u00e1lis g\u00e9pet, hogy ha van r\u00e1 lehet\u0151s\u00e9g, vagy tal\u00e1lok egy j\u00f3 t\u00e9m\u00e1t, &#8222;el tudjak kattintani p\u00e1r k\u00e9pkock\u00e1t&#8221;.<\/p>\t\t\t\t\t\t\t\t<\/div>\n\t\t\t\t\t<\/div>\n\t\t\t\t<\/div>\n\t\t\t\t<\/div>\n\t\t","protected":false},"excerpt":{"rendered":"<p>Alapvet\u0151en h\u00e1romgyerekes sz\u00fcl\u0151k\u00e9nt nem sok id\u0151m van a hobbijaimnak \u00e9lni, de szerencs\u00e9re\u00a0 a fiamat is \u00e9rdekli p\u00e1r dolog, amit &#8222;apa csin\u00e1l amikor ki akar kapcsol\u00f3dni.&#8221; M\u00e1r gyerekkoromban \u00e9rdekelt a horg\u00e1szat, &#8230;<\/p>\n","protected":false},"author":1,"featured_media":0,"parent":0,"menu_order":0,"comment_status":"closed","ping_status":"closed","template":"","meta":{"_eb_attr":"","footnotes":""},"class_list":["post-55","page","type-page","status-publish","hentry"],"_links":{"self":[{"href":"https:\/\/zsigmondit.hu\/index.php\/wp-json\/wp\/v2\/pages\/55","targetHints":{"allow":["GET"]}}],"collection":[{"href":"https:\/\/zsigmondit.hu\/index.php\/wp-json\/wp\/v2\/pages"}],"about":[{"href":"https:\/\/zsigmondit.hu\/index.php\/wp-json\/wp\/v2\/types\/page"}],"author":[{"embeddable":true,"href":"https:\/\/zsigmondit.hu\/index.php\/wp-json\/wp\/v2\/users\/1"}],"replies":[{"embeddable":true,"href":"https:\/\/zsigmondit.hu\/index.php\/wp-json\/wp\/v2\/comments?post=55"}],"version-history":[{"count":13,"href":"https:\/\/zsigmondit.hu\/index.php\/wp-json\/wp\/v2\/pages\/55\/revisions"}],"predecessor-version":[{"id":238,"href":"https:\/\/zsigmondit.hu\/index.php\/wp-json\/wp\/v2\/pages\/55\/revisions\/238"}],"wp:attachment":[{"href":"https:\/\/zsigmondit.hu\/index.php\/wp-json\/wp\/v2\/media?parent=55"}],"curies":[{"name":"wp","href":"https:\/\/api.w.org\/{rel}","templated":true}]}}